{"id":61,"date":"2021-05-02T18:11:33","date_gmt":"2021-05-02T16:11:33","guid":{"rendered":"http:\/\/www.cedricbernadotte.com\/?page_id=61"},"modified":"2022-03-01T16:27:13","modified_gmt":"2022-03-01T15:27:13","slug":"street-art-2","status":"publish","type":"page","link":"https:\/\/www.cedricbernadotte.com\/index.php\/street-art-2\/","title":{"rendered":"Arts urbains"},"content":{"rendered":"\n<h1 class=\"has-text-align-center wp-block-heading\" id=\"arts-urbains-depuis1999\">Arts urbains depuis1999<\/h1>\n\n\n\n<div class=\"wp-block-media-text alignwide is-stacked-on-mobile is-image-fill\" style=\"grid-template-columns:74% auto\"><figure class=\"wp-block-media-text__media\" style=\"background-image:url(http:\/\/www.cedricbernadotte.com\/wp-content\/uploads\/2021\/05\/CedricBernadottePAU.jpg);background-position:50% 50%\"><img loading=\"lazy\" decoding=\"async\" width=\"880\" height=\"660\" src=\"http:\/\/www.cedricbernadotte.com\/wp-content\/uploads\/2021\/05\/CedricBernadottePAU.jpg\" alt=\"\" class=\"wp-image-128 size-full\" srcset=\"https:\/\/www.cedricbernadotte.com\/wp-content\/uploads\/2021\/05\/CedricBernadottePAU.jpg 880w, https:\/\/www.cedricbernadotte.com\/wp-content\/uploads\/2021\/05\/CedricBernadottePAU-300x225.jpg 300w, https:\/\/www.cedricbernadotte.com\/wp-content\/uploads\/2021\/05\/CedricBernadottePAU-768x576.jpg 768w\" sizes=\"auto, (max-width: 880px) 100vw, 880px\" \/><\/figure><div class=\"wp-block-media-text__content\">\n<div class=\"wp-block-image wp-duotone-000000-ffffff-1\"><figure class=\"aligncenter size-full is-resized\"><img loading=\"lazy\" decoding=\"async\" src=\"http:\/\/www.cedricbernadotte.com\/wp-content\/uploads\/2021\/05\/Copie-de-feuille-zine.jpg\" alt=\"\" class=\"wp-image-117\" width=\"253\" height=\"357\" srcset=\"https:\/\/www.cedricbernadotte.com\/wp-content\/uploads\/2021\/05\/Copie-de-feuille-zine.jpg 595w, https:\/\/www.cedricbernadotte.com\/wp-content\/uploads\/2021\/05\/Copie-de-feuille-zine-212x300.jpg 212w\" sizes=\"auto, (max-width: 253px) 100vw, 253px\" \/><figcaption>Mode d&#8217;emploi distribu\u00e9 entre 1999 et 2003 au d\u00e9but de mes interventions<\/figcaption><\/figure><\/div>\n<\/div><\/div>\n\n\n\n<div style=\"height:100px\" aria-hidden=\"true\" class=\"wp-block-spacer\"><\/div>\n\n\n\n<p class=\"has-text-align-center\"><strong><mark style=\"background-color:rgba(0, 0, 0, 0)\" class=\"has-inline-color has-luminous-vivid-amber-color\">R\u00e9appropriations urbaines \u00e0 Pau en 2012<\/mark><\/strong><\/p>\n\n\n\n<p><\/p>\n\n\n\n<p class=\"has-white-color has-text-color has-normal-font-size\"><mark style=\"background-color:rgba(0, 0, 0, 0)\" class=\"has-inline-color has-cyan-bluish-gray-color\">\u00ab\u00a0<\/mark><strong><mark style=\"background-color:rgba(0, 0, 0, 0)\" class=\"has-inline-color has-cyan-bluish-gray-color\">C\u00e9dric Bernadotte impose avec douceur ses interventions dans la ville. A l\u2019aide du mobilier existant tel que bancs, poteaux, colonnes, o\u00f9 encore arbres, il cr\u00e9e de nouveaux espaces \u00e0 vivre au moyen de scotch et de cellophane.<\/mark><\/strong><\/p>\n\n\n\n<p class=\"has-white-color has-text-color has-normal-font-size\"><strong><span class=\"has-inline-color has-cyan-bluish-gray-color\">Les passants s\u2019y installent et s\u2019y pr\u00e9lassent. Les enfants jouent sur ces balan\u00e7oires provisoires. Afin de ne pas agresser le regard, les tons sont plut\u00f4t neutre, blanc, noir et transparent. Cette nouvelle langueur, cette g\u00e9n\u00e9rosit\u00e9 \u00e0 partager avec le spectateur conduisent \u00e0 fonder un nouveau type de r\u00eaverie pour le promeneur solitaire. Ce design urbain \u00e9ph\u00e9m\u00e8re permet en effet de faire d\u00e9couvrir l\u2019architecture autrement, de cacher des points de vues ou d\u2019en r\u00e9v\u00e9ler d\u2019autres, et de mani\u00e8re plus profonde, de faire r\u00e9fl\u00e9chir au question d\u2019urbanisme.<\/span><\/strong><\/p>\n\n\n\n<p class=\"has-white-color has-text-color has-normal-font-size\"><strong><span class=\"has-inline-color has-cyan-bluish-gray-color\">Dans le monde de Cedric Bernadotte, on se pose pour observer diff\u00e9remment sa ville ou des endroits o\u00f9 habituellement l\u2019on ne va pas.Il arr\u00eate le regard ailleurs. Ses infra-architectures dessinent en creux d\u2019autres portraits de villes, ses installations permettant, elles, de souligner ou de surligner d\u2019autres courbes et volumes. Parfois, elles en adoucissent les structures car ces couches de mati\u00e8res , \u00e0 la mani\u00e8re d\u2019enveloppements et de membranes, agissent comme une caresse.&nbsp;\u00ab\u00a0<\/span><\/strong><\/p>\n\n\n\n<blockquote class=\"wp-block-quote is-layout-flow wp-block-quote-is-layout-flow\"><p><em><span class=\"has-inline-color has-cyan-bluish-gray-color\">&nbsp;Extrait du Texte de Paul Ardenne dans le livre &nbsp;\u00bb 100 artistes du Street Art \u2013 Editions la Martini\u00e9re<\/span><\/em>        <\/p><\/blockquote>\n\n\n\n<div style=\"height:100px\" aria-hidden=\"true\" class=\"wp-block-spacer\"><\/div>\n\n\n\n<h2 class=\"has-text-align-center wp-block-heading\" id=\"reappropriations-a-toulon-metaxu-2016\"><mark style=\"background-color:rgba(0, 0, 0, 0)\" class=\"has-inline-color has-luminous-vivid-amber-color\">  <strong><mark style=\"background-color:rgba(0, 0, 0, 0)\" class=\"has-inline-color has-luminous-vivid-amber-color\">R\u00e9appropriations \u00e0 Toulon &#8211; Metaxu 2016<\/mark><\/strong><\/mark><\/h2>\n\n\n\n<p class=\"has-white-color has-text-color has-small-font-size\"> <\/p>\n\n\n\n<p class=\"has-white-color has-text-color has-small-font-size\">                                                                         <\/p>\n\n\n\nngg_shortcode_0_placeholder\n\n\n\n<div style=\"height:100px\" aria-hidden=\"true\" class=\"wp-block-spacer\"><\/div>\n\n\n\n<p class=\"has-white-color has-text-color has-small-font-size\">                                               <\/p>\n\n\n\n<h2 class=\"has-text-align-center wp-block-heading\" id=\"nuit-blanche-a-paris-2014\"><mark style=\"background-color:rgba(0, 0, 0, 0)\" class=\"has-inline-color has-luminous-vivid-amber-color\"><strong>Nuit Blanche \u00e0 Paris 2014<\/strong><\/mark><\/h2>\n\n\n\n<p class=\"has-text-align-center\"><mark style=\"background-color:rgba(0, 0, 0, 0)\" class=\"has-inline-color has-cyan-bluish-gray-color\">  Invitation par le 104 \u00e0 Paris et produit par Eva Elbarran  pour La nuit blanche 2014<\/mark><\/p>\n\n\n\n<p><\/p>\n\n\n\n<blockquote class=\"wp-block-quote is-layout-flow wp-block-quote-is-layout-flow\"><p><mark style=\"background-color:rgba(0, 0, 0, 0)\" class=\"has-inline-color has-cyan-bluish-gray-color\">\u00ab\u00a0<strong>Enfant spirituel de Christo, le jeune artiste fran\u00e7ais C\u00e9dric Bernadotte sait emballer son monde : malin, il trousse, \u00e0 l&rsquo;aide de papier cellophane translucide ou de scotch noir, tout un catalogue po\u00e9tique et loufoque de commodit\u00e9s urbaines\u00a0en plein air, aux formes \u00e9lastiques et \u00e9ph\u00e9m\u00e8res, telles que hamacs, fauteuils, paravents ou bancs. L&rsquo;art respire et notre ing\u00e9nu emballeur se propose de m\u00e9tamorphoser les arbres du parc Georges-Brassens en mobilier pour une pause, une petite sieste ou pour des jeux d&rsquo;enfants.<\/strong><\/mark><\/p><\/blockquote>\n\n\n\nngg_shortcode_1_placeholder\n\n\n\nngg_shortcode_2_placeholder\n\n\n\n<div style=\"height:100px\" aria-hidden=\"true\" class=\"wp-block-spacer\"><\/div>\n\n\n\n<h2 class=\"has-text-align-center wp-block-heading\">  <\/h2>\n\n\n\n<h2 class=\"has-text-align-center wp-block-heading\" id=\"reappropriations-a-toulon-residence-au-metaxu-2013\"><strong><span class=\"has-inline-color has-luminous-vivid-amber-color\">R\u00e9appropriations \u00e0 Toulon &#8211; R\u00e9sidence au Metaxu 2013<\/span><\/strong> <\/h2>\n\n\n\nngg_shortcode_3_placeholder\n\n\n\n<div style=\"height:100px\" aria-hidden=\"true\" class=\"wp-block-spacer\"><\/div>\n\n\n\n<h2 class=\"has-text-align-center wp-block-heading\" id=\"reappropriations-aux-bains-douches-exposition-magda-danysz-2013\"> <strong><span class=\"has-inline-color has-luminous-vivid-amber-color\">R\u00e9appropriations aux Bains Douches &#8211; Exposition Magda Danysz 2013<\/span> <\/strong> <\/h2>\n\n\n\nngg_shortcode_4_placeholder\n\n\n\n<div style=\"height:100px\" aria-hidden=\"true\" class=\"wp-block-spacer\"><\/div>\n\n\n\n<p><\/p>\n\n\n\n<p><\/p>\n\n\n\n<h2 class=\"has-text-align-center wp-block-heading\" id=\"reappropriations-a-milan-design-biennale-2013\"> <strong><span class=\"has-inline-color has-luminous-vivid-amber-color\"><\/span><\/strong>  <strong><span class=\"has-inline-color has-luminous-vivid-amber-color\">R\u00e9appropriations \u00e0 Milan &#8211; Design Biennale 2013<\/span> <\/strong><\/h2>\n\n\n\n<p class=\"has-text-align-center\"> Invitation par Martin Margiela &#8211; Biennale de Design de Milan de 2013<\/p>\n\n\n\nngg_shortcode_5_placeholder\n\n\n\n<figure class=\"wp-block-embed is-type-video is-provider-vimeo wp-block-embed-vimeo wp-embed-aspect-16-9 wp-has-aspect-ratio\"><div class=\"wp-block-embed__wrapper\">\n<div class='embed-container'><iframe loading=\"lazy\" title=\"Cedric Bernadotte - Rai 5 -Cool tour - April 2013\" src=\"https:\/\/player.vimeo.com\/video\/66679318?h=13e4363296&amp;dnt=1&amp;app_id=122963\" width=\"1278\" height=\"718\" frameborder=\"0\" allow=\"autoplay; fullscreen; picture-in-picture\" allowfullscreen><\/iframe><\/div>\n<\/div><\/figure>\n\n\n\n<div style=\"height:100px\" aria-hidden=\"true\" class=\"wp-block-spacer\"><\/div>\n\n\n\n<h2 class=\"has-text-align-center wp-block-heading\" id=\"reappropriations-a-roman-sur-isere-2013\"> <span class=\"has-inline-color has-luminous-vivid-amber-color\"><strong>R\u00e9appropriations \u00e0 Roman sur Is\u00e8re 2013<\/strong><\/span><\/h2>\n\n\n\n<p class=\"has-text-align-center\"> Invitation par Didier Duyats aka DDD<\/p>\n\n\n\nngg_shortcode_6_placeholder\n\n\n\n<div style=\"height:100px\" aria-hidden=\"true\" class=\"wp-block-spacer\"><\/div>\n\n\n\n<h2 class=\"has-text-align-center wp-block-heading\" id=\"reappropriations-a-pau-2009\"><mark style=\"background-color:rgba(0, 0, 0, 0)\" class=\"has-inline-color has-luminous-vivid-amber-color\"><strong>R\u00e9appropriations \u00e0 Pau 2009<\/strong><\/mark><\/h2>\n\n\n\n<p class=\"has-text-align-center\"> Invitation par l&rsquo;association AERA <\/p>\n\n\n\nngg_shortcode_7_placeholder\n\n\n\n<blockquote class=\"wp-block-quote is-layout-flow wp-block-quote-is-layout-flow\"><p><mark style=\"background-color:rgba(0, 0, 0, 0)\" class=\"has-inline-color has-cyan-bluish-gray-color\"><strong>Au gr\u00e9 de ses interventions, C\u00e9dric Bernadotte change en douceur notre fa\u00e7on de vivre et notre point de vue sur la ville, nous fait d\u00e9couvrir notre environnement autrement. Pour Nuit Blanche, il utilise les arbres du parc Georges Brassens comme support a un mobilier \u00e9ph\u00e9m\u00e8re qui offre au visiteur des points de vue in\u00e9dits sur le parc<\/strong>.\u00a0\u00bb<\/mark><\/p><p><mark style=\"background-color:rgba(0, 0, 0, 0)\" class=\"has-inline-color has-cyan-bluish-gray-color\"><strong>Laurent Boudier<\/strong>, T\u00e9lerama<\/mark><\/p><\/blockquote>\n\n\n\n<div style=\"height:100px\" aria-hidden=\"true\" class=\"wp-block-spacer\"><\/div>\n\n\n\n<h2 class=\"has-text-align-center wp-block-heading\" id=\"2009-reappropriations-a-marseille-ossertavotorio-nomade\"><mark style=\"background-color:rgba(0, 0, 0, 0)\" class=\"has-inline-color has-luminous-vivid-amber-color\"><strong> 2009 R\u00e9appropriations \u00e0 Marseille &#8211;<\/strong> <a href=\"https:\/\/spatialagency.net\/database\/stalkerosservatorio.nomade\">Ossertavotorio nomade<\/a><\/mark><\/h2>\n\n\n\nngg_shortcode_8_placeholder\n\n\n\n<figure class=\"wp-block-embed is-type-video is-provider-vimeo wp-block-embed-vimeo\"><div class=\"wp-block-embed__wrapper\">\n<div class='embed-container'><iframe loading=\"lazy\" title=\"Mobilier urbain de pr&amp;eacute;vention situationnelle\" src=\"https:\/\/player.vimeo.com\/video\/14684598?h=6dc5e67aeb&amp;dnt=1&amp;app_id=122963\" width=\"360\" height=\"288\" frameborder=\"0\" allow=\"autoplay; fullscreen; picture-in-picture\" allowfullscreen><\/iframe><\/div>\n<\/div><\/figure>\n\n\n\n<div style=\"height:100px\" aria-hidden=\"true\" class=\"wp-block-spacer\"><\/div>\n\n\n\n<h2 class=\"has-text-align-center wp-block-heading\" id=\"2006-reappropriations-a-metz-norapolis-6\"><strong><span class=\"has-inline-color has-luminous-vivid-amber-color\">2006<\/span> <span class=\"has-inline-color has-luminous-vivid-amber-color\">R\u00e9appropriations \u00e0 Metz &lsquo; Norapolis 6&rsquo;<\/span><\/strong><\/h2>\n\n\n\nngg_shortcode_9_placeholder\n\n\n\n<div style=\"height:100px\" aria-hidden=\"true\" class=\"wp-block-spacer\"><\/div>\n\n\n\n<h2 class=\"has-text-align-center wp-block-heading\" id=\"2004-reappropriations-a-marseille-arts-des-lieux\"><mark style=\"background-color:rgba(0, 0, 0, 0)\" class=\"has-inline-color has-luminous-vivid-amber-color\"> <\/mark><strong><mark style=\"background-color:rgba(0, 0, 0, 0)\" class=\"has-inline-color has-luminous-vivid-amber-color\">2004<\/mark> <mark style=\"background-color:rgba(0, 0, 0, 0)\" class=\"has-inline-color has-luminous-vivid-amber-color\">R\u00e9appropriations \u00e0 Marseille &#8211; Arts des lieux<\/mark><\/strong><\/h2>\n\n\n\nngg_shortcode_10_placeholder\n\n\n\n<div style=\"height:100px\" aria-hidden=\"true\" class=\"wp-block-spacer\"><\/div>\n\n\n\n<h2 class=\"has-text-align-center wp-block-heading\" id=\"reappropriations-a-aix-en-provence-2003\"><mark style=\"background-color:rgba(0, 0, 0, 0)\" class=\"has-inline-color has-luminous-vivid-amber-color\"><strong>R\u00e9appropriations \u00e0 Aix-en-Provence 2003<\/strong><\/mark><\/h2>\n\n\n\n<p class=\"has-text-align-center\">Dipl\u00f4me National Sup\u00e9rieur d\u2019Expression Plastique <\/p>\n\n\n\nngg_shortcode_11_placeholder\n\n\n\n<div style=\"height:100px\" aria-hidden=\"true\" class=\"wp-block-spacer\"><\/div>\n\n\n\n<h2 class=\"has-text-align-center wp-block-heading\" id=\"reappropriations-a-toulon-2001\"><mark style=\"background-color:rgba(0, 0, 0, 0)\" class=\"has-inline-color has-luminous-vivid-amber-color\"><strong>R\u00e9appropriations \u00e0 Toulon 2001<\/strong><\/mark><\/h2>\n\n\n\n<div class=\"wp-block-image\"><figure class=\"aligncenter size-large\"><img loading=\"lazy\" decoding=\"async\" width=\"667\" height=\"1024\" src=\"https:\/\/www.cedricbernadotte.com\/wp-content\/uploads\/2021\/11\/filles1-667x1024.jpg\" alt=\"\" class=\"wp-image-1148\" srcset=\"https:\/\/www.cedricbernadotte.com\/wp-content\/uploads\/2021\/11\/filles1-667x1024.jpg 667w, https:\/\/www.cedricbernadotte.com\/wp-content\/uploads\/2021\/11\/filles1-196x300.jpg 196w, https:\/\/www.cedricbernadotte.com\/wp-content\/uploads\/2021\/11\/filles1-768x1178.jpg 768w, https:\/\/www.cedricbernadotte.com\/wp-content\/uploads\/2021\/11\/filles1-1001x1536.jpg 1001w, https:\/\/www.cedricbernadotte.com\/wp-content\/uploads\/2021\/11\/filles1-1024x1571.jpg 1024w, https:\/\/www.cedricbernadotte.com\/wp-content\/uploads\/2021\/11\/filles1-704x1080.jpg 704w, https:\/\/www.cedricbernadotte.com\/wp-content\/uploads\/2021\/11\/filles1.jpg 1200w\" sizes=\"auto, (max-width: 667px) 100vw, 667px\" \/><figcaption>Premi\u00e8res interventions \u00e0 Toulon &#8211; Place \u00e0 l&rsquo;huile 2001<\/figcaption><\/figure><\/div>\n\n\n\n<div class=\"wp-block-image\"><figure class=\"aligncenter size-large is-resized\"><img decoding=\"async\" src=\"https:\/\/www.cedricbernadotte.com\/wp-content\/uploads\/2021\/11\/pouf-1024x672.jpg\" alt=\"\" class=\"wp-image-1150\" width=\"667\" srcset=\"https:\/\/www.cedricbernadotte.com\/wp-content\/uploads\/2021\/11\/pouf-1024x672.jpg 1024w, https:\/\/www.cedricbernadotte.com\/wp-content\/uploads\/2021\/11\/pouf-300x197.jpg 300w, https:\/\/www.cedricbernadotte.com\/wp-content\/uploads\/2021\/11\/pouf-768x504.jpg 768w, https:\/\/www.cedricbernadotte.com\/wp-content\/uploads\/2021\/11\/pouf.jpg 1200w\" sizes=\"(max-width: 1024px) 100vw, 1024px\" \/><\/figure><\/div>\n\n\n\nngg_shortcode_12_placeholder\n\n\n\n<div style=\"height:100px\" aria-hidden=\"true\" class=\"wp-block-spacer\"><\/div>\n\n\n\n<h2 class=\"has-text-align-center wp-block-heading\" id=\"reappropriations-a-toulon-2001\"><mark style=\"background-color:rgba(0, 0, 0, 0)\" class=\"has-inline-color has-luminous-vivid-amber-color\"><strong>\u00ab\u00a0Une ville sans \u00e9critures\u00a0\u00bb Retouches photographiques 2000<\/strong><\/mark><\/h2>\n\n\n\n<p><\/p>\n\n\n\n<div class=\"wp-block-image\"><figure class=\"aligncenter size-full is-resized\"><img loading=\"lazy\" decoding=\"async\" src=\"http:\/\/www.cedricbernadotte.com\/wp-content\/uploads\/2022\/03\/composition5.jpg\" alt=\"\" class=\"wp-image-2051\" width=\"841\" height=\"400\" srcset=\"https:\/\/www.cedricbernadotte.com\/wp-content\/uploads\/2022\/03\/composition5.jpg 721w, https:\/\/www.cedricbernadotte.com\/wp-content\/uploads\/2022\/03\/composition5-300x143.jpg 300w\" sizes=\"auto, (max-width: 841px) 100vw, 841px\" \/><\/figure><\/div>\n\n\n\nngg_shortcode_13_placeholder\n\n\n\n<div style=\"height:100px\" aria-hidden=\"true\" class=\"wp-block-spacer\"><\/div>\n\n\n\n<p><\/p>\n\n\n\n<h2 class=\"has-text-align-center wp-block-heading\" id=\"structures-gonflables-1999-2000\"><mark style=\"background-color:rgba(0, 0, 0, 0)\" class=\"has-inline-color has-luminous-vivid-amber-color\"><strong>Structures Gonflables 1999 &#8211; 2000<\/strong><\/mark><\/h2>\n\n\n\nngg_shortcode_14_placeholder\n\n\n\nngg_shortcode_15_placeholder\n","protected":false},"excerpt":{"rendered":"<p>Arts urbains depuis1999 R\u00e9appropriations urbaines \u00e0 Pau en 2012 \u00ab\u00a0C\u00e9dric Bernadotte impose avec douceur ses interventions dans la ville. A l\u2019aide du mobilier existant tel que bancs, poteaux, colonnes, o\u00f9 encore arbres, il cr\u00e9e de nouveaux espaces \u00e0 vivre au moyen de scotch et de cellophane. Les passants s\u2019y installent et s\u2019y pr\u00e9lassent. Les enfants&hellip; <br \/> <a class=\"read-more\" href=\"https:\/\/www.cedricbernadotte.com\/index.php\/street-art-2\/\">Lire la suite<\/a><\/p>\n","protected":false},"author":1,"featured_media":615,"parent":0,"menu_order":0,"comment_status":"closed","ping_status":"closed","template":"","meta":{"ngg_post_thumbnail":0,"footnotes":""},"class_list":["post-61","page","type-page","status-publish","has-post-thumbnail","hentry"],"_links":{"self":[{"href":"https:\/\/www.cedricbernadotte.com\/index.php\/wp-json\/wp\/v2\/pages\/61","targetHints":{"allow":["GET"]}}],"collection":[{"href":"https:\/\/www.cedricbernadotte.com\/index.php\/wp-json\/wp\/v2\/pages"}],"about":[{"href":"https:\/\/www.cedricbernadotte.com\/index.php\/wp-json\/wp\/v2\/types\/page"}],"author":[{"embeddable":true,"href":"https:\/\/www.cedricbernadotte.com\/index.php\/wp-json\/wp\/v2\/users\/1"}],"replies":[{"embeddable":true,"href":"https:\/\/www.cedricbernadotte.com\/index.php\/wp-json\/wp\/v2\/comments?post=61"}],"version-history":[{"count":62,"href":"https:\/\/www.cedricbernadotte.com\/index.php\/wp-json\/wp\/v2\/pages\/61\/revisions"}],"predecessor-version":[{"id":2053,"href":"https:\/\/www.cedricbernadotte.com\/index.php\/wp-json\/wp\/v2\/pages\/61\/revisions\/2053"}],"wp:featuredmedia":[{"embeddable":true,"href":"https:\/\/www.cedricbernadotte.com\/index.php\/wp-json\/wp\/v2\/media\/615"}],"wp:attachment":[{"href":"https:\/\/www.cedricbernadotte.com\/index.php\/wp-json\/wp\/v2\/media?parent=61"}],"curies":[{"name":"wp","href":"https:\/\/api.w.org\/{rel}","templated":true}]}}